{"id":12,"date":"2012-01-18T17:35:31","date_gmt":"2012-01-18T17:35:31","guid":{"rendered":"https:\/\/weinert-mb.de\/wp\/?page_id=12"},"modified":"2024-03-16T10:30:05","modified_gmt":"2024-03-16T08:30:05","slug":"impressum","status":"publish","type":"page","link":"https:\/\/weinert-mb.de\/ru\/impressum\/","title":{"rendered":"\u0412\u042b\u0425\u041e\u0414\u041d\u042b\u0415 \u0414\u0410\u041d\u041d\u042b\u0415"},"content":{"rendered":"<div class=\"wpb-content-wrapper\"><p>[vc_row][vc_column][vc_column_text]Weinert Maschinenbau GmbH<br \/>\nPostfach 1465<br \/>\nD-64504 Gro\u00df-Gerau<\/p>\n<p>Industriegebiet Nord<br \/>\nM\u00fcnchener Stra\u00dfe 11<br \/>\nD-64521 Gro\u00df-Gerau<br \/>\n\u0422\u0435\u043b. +49 (0)6152 171 84 0<br \/>\n\u0424\u0430\u043a\u0441 +49 (0)6152 171 84 29<br \/>\nE-Mail: info@weinert-mb.de<br \/>\nInternet: www.weinert-mb.d<\/p>\n<p>\u0423\u043f\u0440\u0430\u0432\u043b\u044f\u044e\u0449\u0438\u0439 \u0441 \u043f\u0440\u0435\u0434\u0441\u0442\u0430\u0432\u0438\u0442\u0435\u043b\u044c\u0441\u043a\u0438\u043c\u0438 \u043f\u043e\u043b\u043d\u043e\u043c\u043e\u0447\u0438\u044f\u043c\u0438: \u041c\u0438\u0445\u0430\u044d\u043b\u044c \u0412\u0430\u0439\u043d\u0435\u0440\u0442<br \/>\n\u0423\u043f\u0440\u0430\u0432\u043b\u044f\u044e\u0449\u0438\u0439: \u0413\u0430\u0441\u043f\u0430\u0440\u0435 \u0413\u0430\u043d\u0434\u043e\u043b\u044c\u0444\u043e<br \/>\n\u0421\u0443\u0434, \u0432\u0435\u0434\u0443\u0449\u0438\u0439 \u0440\u0435\u0435\u0441\u0442\u0440: \u0443\u0447\u0430\u0441\u0442\u043a\u043e\u0432\u044b\u0439 \u0441\u0443\u0434 \u0413\u0440\u043e\u0441\u0441-\u0413\u0435\u0440\u0430\u0443<br \/>\n\u2116 \u0437\u0430\u043f\u0438\u0441\u0438 \u0432 \u0440\u0435\u0435\u0441\u0442\u0440\u0435: HR-NR. \u0412 54819<\/p>\n<p>\u0418\u0434\u0435\u043d\u0442\u0438\u0444\u0438\u043a\u0430\u0446\u0438\u043e\u043d\u043d\u044b\u0439 \u043d\u043e\u043c\u0435\u0440 \u043f\u043b\u0430\u0442\u0435\u043b\u044c\u0449\u0438\u043a\u0430 \u041d\u0414\u0421 \u0441\u043e\u0433\u043b. \u00a7 27 \u0430<br \/>\n\u0417\u0430\u043a\u043e\u043d\u0430 \u043e \u043d\u0430\u043b\u043e\u0433\u0435 \u0441 \u043e\u0431\u043e\u0440\u043e\u0442\u0430:<br \/>\n\u041d\u0430\u043b\u043e\u0433\u043e\u0432\u044b\u0439 \u2116: 007 248 04741<br \/>\n\u0418\u0434\u0435\u043d\u0442\u0438\u0444\u0438\u043a\u0430\u0446\u0438\u043e\u043d\u043d\u044b\u0439 \u043a\u043e\u0434 \u041d\u0414\u0421: DE 813 533 491<\/p>\n<p>\u0411\u0430\u043d\u043a\u043e\u0432\u0441\u043a\u0438\u0435 \u0440\u0435\u043a\u0432\u0438\u0437\u0438\u0442\u044b: Volksbank Gro\u00df-Gerau eG<br \/>\n\u0421\u0447\u0435\u0442: 1085301<br \/>\n\u0411\u0418\u041a: 508 925 00<br \/>\nSwift: GENO DE 51 GG 1<\/p>\n<p>\u0410\u0432\u0442\u043e\u0440\u0441\u043a\u043e\u0435 \u043f\u0440\u0430\u0432\u043e<\/p>\n<p>\u0414\u0438\u0437\u0430\u0439\u043d \u0438 \u043e\u0440\u0438\u0433\u0438\u043d\u0430\u043b-\u043c\u0430\u043a\u0435\u0442: <a href=\"http:\/\/www.weinert-mb.de\">home &amp; business computing<\/a><\/p>\n<p>\u0414\u0438\u0437\u0430\u0439\u043d, \u043e\u0440\u0438\u0433\u0438\u043d\u0430\u043b-\u043c\u0430\u043a\u0435\u0442, \u0442\u0435\u043a\u0441\u0442\u044b, \u0444\u043e\u0442\u043e, \u0430\u043d\u0438\u043c\u0430\u0446\u0438\u0438 \u0438 \u043f\u0440\u043e\u0447\u0435\u0435 \u0441\u043e\u0434\u0435\u0440\u0436\u0430\u043d\u0438\u0435 Web-\u0441\u0442\u0440\u0430\u043d\u0438\u0446 <a href=\"https:\/\/www.weinert-mb.de\/\">www.weinert-mb.de<\/a> \u0437\u0430\u0449\u0438\u0449\u0435\u043d\u044b \u0430\u0432\u0442\u043e\u0440\u0441\u043a\u0438\u043c \u043f\u0440\u0430\u0432\u043e\u043c.<\/p>\n<p>\u041f\u0435\u0440\u0435\u043f\u0435\u0447\u0430\u0442\u043a\u0430 \u043e\u043f\u0443\u0431\u043b\u0438\u043a\u043e\u0432\u0430\u043d\u043d\u044b\u0445 \u0437\u0434\u0435\u0441\u044c \u0434\u0430\u043d\u043d\u044b\u0445, \u0438\u043d\u0444\u043e\u0440\u043c\u0430\u0446\u0438\u0438, \u0442\u0435\u043a\u0441\u0442\u043e\u0432, \u043e\u0442\u0440\u044b\u0432\u043a\u043e\u0432 \u0438\u0437 \u0442\u0435\u043a\u0441\u0442\u043e\u0432 \u0438\u043b\u0438 \u0444\u043e\u0442\u043e\u0433\u0440\u0430\u0444\u0438\u0439 \u0432\u043e\u0437\u043c\u043e\u0436\u043d\u043e \u0442\u043e\u043b\u044c\u043a\u043e \u043f\u0440\u0438 \u043d\u0430\u043b\u0438\u0447\u0438\u0438 \u043f\u0438\u0441\u044c\u043c\u0435\u043d\u043d\u043e\u0433\u043e \u0438 \u044f\u0441\u043d\u043e \u0432\u044b\u0440\u0430\u0436\u0435\u043d\u043d\u043e\u0433\u043e \u0441\u043e\u0433\u043b\u0430\u0441\u0438\u044f \u0444\u0438\u0440\u043c\u044b Weinert Maschinenbau GmbH.<\/p>\n<p><strong>\u041e\u0433\u0440\u0430\u043d\u0438\u0447\u0435\u043d\u0438\u0435 \u043e\u0442\u0432\u0435\u0442\u0441\u0442\u0432\u0435\u043d\u043d\u043e\u0441\u0442\u0438<\/strong><\/p>\n<p>\u041c\u044b \u0447\u0440\u0435\u0437\u0432\u044b\u0447\u0430\u0439\u043d\u043e \u0442\u0449\u0430\u0442\u0435\u043b\u044c\u043d\u043e \u0440\u0430\u0431\u043e\u0442\u0430\u043b\u0438 \u043d\u0430\u0434 \u0441\u043e\u0437\u0434\u0430\u043d\u0438\u0435\u043c \u043d\u0430\u0448\u0438\u0445 Web-\u0441\u0442\u0440\u0430\u043d\u0438\u0446, \u043e\u0434\u043d\u0430\u043a\u043e \u043d\u0435 \u043c\u043e\u0436\u0435\u043c \u0433\u0430\u0440\u0430\u043d\u0442\u0438\u0440\u043e\u0432\u0430\u0442\u044c \u043a\u043e\u0440\u0440\u0435\u043a\u0442\u043d\u043e\u0441\u0442\u044c \u0432\u0441\u0435\u0439 \u043f\u0440\u0435\u0434\u0441\u0442\u0430\u0432\u043b\u0435\u043d\u043d\u043e\u0439 \u0438\u043d\u0444\u043e\u0440\u043c\u0430\u0446\u0438\u0438.<\/p>\n<p>\u041c\u044b \u043d\u0435 \u043d\u0435\u0441\u0435\u043c \u043e\u0442\u0432\u0435\u0442\u0441\u0442\u0432\u0435\u043d\u043d\u043e\u0441\u0442\u0438 \u0437\u0430 \u043b\u044e\u0431\u043e\u0433\u043e \u0440\u043e\u0434\u0430 \u0443\u0449\u0435\u0440\u0431, \u043d\u0430\u043d\u0435\u0441\u0435\u043d\u043d\u044b\u0439 \u0432\u0441\u043b\u0435\u0434\u0441\u0442\u0432\u0438\u0435 \u0438\u043b\u0438 \u0432 \u0441\u0432\u044f\u0437\u0438 \u0441 \u0438\u0441\u043f\u043e\u043b\u044c\u0437\u043e\u0432\u0430\u043d\u0438\u0435\u043c \u043f\u0440\u0438\u0432\u0435\u0434\u0435\u043d\u043d\u043e\u0439 \u0437\u0434\u0435\u0441\u044c \u0438\u043d\u0444\u043e\u0440\u043c\u0430\u0446\u0438\u0438, \u0431\u0443\u0434\u044c \u0442\u043e \u043f\u0440\u044f\u043c\u043e\u0439 \u0438\u043b\u0438 \u043a\u043e\u0441\u0432\u0435\u043d\u043d\u044b\u0439 \u0443\u0449\u0435\u0440\u0431, \u043a\u043e\u0441\u0432\u0435\u043d\u043d\u044b\u0435 \u0438\u043b\u0438 \u0438\u043d\u044b\u0435 \u0443\u0431\u044b\u0442\u043a\u0438, \u0432\u043a\u043b\u044e\u0447\u0430\u044f \u0443\u043f\u0443\u0449\u0435\u043d\u043d\u0443\u044e \u0432\u044b\u0433\u043e\u0434\u0443 \u0438\u043b\u0438 \u0443\u0449\u0435\u0440\u0431, \u0441\u0432\u044f\u0437\u0430\u043d\u043d\u044b\u0439 \u0441 \u0443\u0442\u0435\u0440\u0435\u0439 \u0434\u0430\u043d\u043d\u044b\u0445. \u041c\u044b \u043e\u0441\u0442\u0430\u0432\u043b\u044f\u0435\u043c \u0437\u0430 \u0441\u043e\u0431\u043e\u0439 \u043f\u0440\u0430\u0432\u043e \u0431\u0435\u0437 \u043f\u0440\u0435\u0434\u0432\u0430\u0440\u0438\u0442\u0435\u043b\u044c\u043d\u043e\u0433\u043e \u0443\u0432\u0435\u0434\u043e\u043c\u043b\u0435\u043d\u0438\u044f \u0432\u043d\u043e\u0441\u0438\u0442\u044c \u0438\u0437\u043c\u0435\u043d\u0435\u043d\u0438\u044f \u0432 \u043f\u0440\u0435\u0434\u0441\u0442\u0430\u0432\u043b\u0435\u043d\u043d\u0443\u044e \u043d\u0430\u043c\u0438 \u043d\u0430 \u0434\u0430\u043d\u043d\u043e\u043c \u0441\u0435\u0440\u0432\u0435\u0440\u0435 \u043d\u0435\u043e\u0431\u044f\u0437\u044b\u0432\u0430\u044e\u0449\u0443\u044e \u0438\u043d\u0444\u043e\u0440\u043c\u0430\u0446\u0438\u044e. \u041d\u0430\u0448\u0430 Web-\u0441\u0442\u0440\u0430\u043d\u0438\u0446\u0430 \u0441\u043e\u0434\u0435\u0440\u0436\u0438\u0442 \u0441\u0441\u044b\u043b\u043a\u0438 \u043d\u0430 \u0440\u0430\u0437\u043b\u0438\u0447\u043d\u044b\u0435 \u0434\u0440\u0443\u0433\u0438\u0435 \u0441\u0430\u0439\u0442\u044b \u0432 \u0418\u043d\u0442\u0435\u0440\u043d\u0435\u0442\u0435. \u041c\u044b \u0437\u0430\u044f\u0432\u043b\u044f\u0435\u043c, \u0447\u0442\u043e \u043d\u0435 \u043d\u0435\u0441\u0435\u043c \u043d\u0438\u043a\u0430\u043a\u043e\u0439 \u043e\u0442\u0432\u0435\u0442\u0441\u0442\u0432\u0435\u043d\u043d\u043e\u0441\u0442\u0438 \u0437\u0430 \u0441\u043e\u0434\u0435\u0440\u0436\u0430\u043d\u0438\u0435 \u0434\u0430\u043d\u043d\u044b\u0445 \u0441\u0430\u0439\u0442\u043e\u0432. \u041a\u0440\u043e\u043c\u0435 \u0442\u043e\u0433\u043e, \u043c\u044b \u043a\u0430\u0442\u0435\u0433\u043e\u0440\u0438\u0447\u0435\u0441\u043a\u0438 \u0437\u0430\u044f\u0432\u043b\u044f\u0435\u043c, \u0447\u0442\u043e \u043d\u0435 \u0438\u043c\u0435\u0435\u043c \u043d\u0438\u043a\u0430\u043a\u043e\u0433\u043e \u0432\u043b\u0438\u044f\u043d\u0438\u0435 \u043d\u0430 \u043e\u0444\u043e\u0440\u043c\u043b\u0435\u043d\u0438\u0435 \u0438 \u0441\u043e\u0434\u0435\u0440\u0436\u0430\u043d\u0438\u0435 \u0441\u0430\u0439\u0442\u043e\u0432 \u0437\u0430 \u043f\u0440\u0435\u0434\u0435\u043b\u0430\u043c\u0438 \u043d\u0430\u0448\u0435\u0433\u043e \u0434\u043e\u043c\u0435\u043d\u0430 \u0438 \u043d\u0435 \u043d\u0435\u0441\u0435\u043c \u043e\u0442\u0432\u0435\u0442\u0441\u0442\u0432\u0435\u043d\u043d\u043e\u0441\u0442\u0438 \u0437\u0430 \u043d\u0438\u0445.<\/p>\n<p>\u0412 \u0441\u043b\u0443\u0447\u0430\u0435 \u0435\u0441\u043b\u0438 \u0412\u044b \u043e\u0431\u043d\u0430\u0440\u0443\u0436\u0438\u0442\u0435 \u043d\u0430 \u0443\u043a\u0430\u0437\u0430\u043d\u043d\u044b\u0445 \u0432 \u043d\u0430\u0448\u0435\u043c \u0441\u0430\u0439\u0442\u0435 \u0441\u0441\u044b\u043b\u043a\u0430\u0445 \u043f\u0440\u043e\u0442\u0438\u0432\u043e\u0437\u0430\u043a\u043e\u043d\u043d\u043e\u0435 \u0441\u043e\u0434\u0435\u0440\u0436\u0430\u043d\u0438\u0435, \u043f\u0440\u043e\u0441\u0438\u043c \u0412\u0430\u0441 \u0441\u043e\u043e\u0431\u0449\u0438\u0442\u044c \u043d\u0430\u043c \u043e\u0431 \u044d\u0442\u043e\u043c, \u0447\u0442\u043e\u0431\u044b \u043c\u044b \u0441\u043c\u043e\u0433\u043b\u0438 \u0443\u0434\u0430\u043b\u0438\u0442\u044c \u044d\u0442\u0438 \u0441\u0441\u044b\u043b\u043a\u0438. (<a href=\"mailto:info@weinert-mb.de\">info@weinert-mb.de<\/a>)[\/vc_column_text][\/vc_column][\/vc_row]<\/p>\n<div class=\"shariff shariff-align-center shariff-widget-align-left\"><ul class=\"shariff-buttons theme-round orientation-horizontal buttonsize-medium\"><li class=\"shariff-button whatsapp shariff-nocustomcolor\" style=\"background-color:#5cbe4a\"><a href=\"https:\/\/api.whatsapp.com\/send?text=https%3A%2F%2Fweinert-mb.de%2Fru%2Fimpressum%2F%20%D0%92%D0%AB%D0%A5%D0%9E%D0%94%D0%9D%D0%AB%D0%95%20%D0%94%D0%90%D0%9D%D0%9D%D0%AB%D0%95\" title=\"Bei Whatsapp teilen\" aria-label=\"Bei Whatsapp teilen\" role=\"button\" rel=\"noopener nofollow\" class=\"shariff-link\" style=\"; background-color:#34af23; color:#fff\" target=\"_blank\"><span class=\"shariff-icon\" style=\"\"><svg width=\"32px\" height=\"20px\" xmlns=\"http:\/\/www.w3.org\/2000\/svg\" viewBox=\"0 0 32 32\"><path fill=\"#34af23\" d=\"M17.6 17.4q0.2 0 1.7 0.8t1.6 0.9q0 0.1 0 0.3 0 0.6-0.3 1.4-0.3 0.7-1.3 1.2t-1.8 0.5q-1 0-3.4-1.1-1.7-0.8-3-2.1t-2.6-3.3q-1.3-1.9-1.3-3.5v-0.1q0.1-1.6 1.3-2.8 0.4-0.4 0.9-0.4 0.1 0 0.3 0t0.3 0q0.3 0 0.5 0.1t0.3 0.5q0.1 0.4 0.6 1.6t0.4 1.3q0 0.4-0.6 1t-0.6 0.8q0 0.1 0.1 0.3 0.6 1.3 1.8 2.4 1 0.9 2.7 1.8 0.2 0.1 0.4 0.1 0.3 0 1-0.9t0.9-0.9zM14 26.9q2.3 0 4.3-0.9t3.6-2.4 2.4-3.6 0.9-4.3-0.9-4.3-2.4-3.6-3.6-2.4-4.3-0.9-4.3 0.9-3.6 2.4-2.4 3.6-0.9 4.3q0 3.6 2.1 6.6l-1.4 4.2 4.3-1.4q2.8 1.9 6.2 1.9zM14 2.2q2.7 0 5.2 1.1t4.3 2.9 2.9 4.3 1.1 5.2-1.1 5.2-2.9 4.3-4.3 2.9-5.2 1.1q-3.5 0-6.5-1.7l-7.4 2.4 2.4-7.2q-1.9-3.2-1.9-6.9 0-2.7 1.1-5.2t2.9-4.3 4.3-2.9 5.2-1.1z\"\/><\/svg><\/span><\/a><\/li><li class=\"shariff-button facebook shariff-nocustomcolor\" style=\"background-color:#4273c8\"><a href=\"https:\/\/www.facebook.com\/sharer\/sharer.php?u=https%3A%2F%2Fweinert-mb.de%2Fru%2Fimpressum%2F\" title=\"Bei Facebook teilen\" aria-label=\"Bei Facebook teilen\" role=\"button\" rel=\"nofollow\" class=\"shariff-link\" style=\"; background-color:#3b5998; color:#fff\" target=\"_blank\"><span class=\"shariff-icon\" style=\"\"><svg width=\"32px\" height=\"20px\" xmlns=\"http:\/\/www.w3.org\/2000\/svg\" viewBox=\"0 0 18 32\"><path fill=\"#3b5998\" d=\"M17.1 0.2v4.7h-2.8q-1.5 0-2.1 0.6t-0.5 1.9v3.4h5.2l-0.7 5.3h-4.5v13.6h-5.5v-13.6h-4.5v-5.3h4.5v-3.9q0-3.3 1.9-5.2t5-1.8q2.6 0 4.1 0.2z\"\/><\/svg><\/span><\/a><\/li><li class=\"shariff-button twitter shariff-nocustomcolor\" style=\"background-color:#595959\"><a href=\"https:\/\/twitter.com\/share?url=https%3A%2F%2Fweinert-mb.de%2Fru%2Fimpressum%2F&text=%D0%92%D0%AB%D0%A5%D0%9E%D0%94%D0%9D%D0%AB%D0%95%20%D0%94%D0%90%D0%9D%D0%9D%D0%AB%D0%95\" title=\"Bei X teilen\" aria-label=\"Bei X teilen\" role=\"button\" rel=\"noopener nofollow\" class=\"shariff-link\" style=\"; background-color:#000; color:#fff\" target=\"_blank\"><span class=\"shariff-icon\" style=\"\"><svg width=\"32px\" height=\"20px\" xmlns=\"http:\/\/www.w3.org\/2000\/svg\" viewBox=\"0 0 24 24\"><path fill=\"#000\" d=\"M14.258 10.152L23.176 0h-2.113l-7.747 8.813L7.133 0H0l9.352 13.328L0 23.973h2.113l8.176-9.309 6.531 9.309h7.133zm-2.895 3.293l-.949-1.328L2.875 1.56h3.246l6.086 8.523.945 1.328 7.91 11.078h-3.246zm0 0\"\/><\/svg><\/span><\/a><\/li><li class=\"shariff-button mailto shariff-nocustomcolor\" style=\"background-color:#a8a8a8\"><a href=\"mailto:?body=https%3A%2F%2Fweinert-mb.de%2Fru%2Fimpressum%2F&subject=%D0%92%D0%AB%D0%A5%D0%9E%D0%94%D0%9D%D0%AB%D0%95%20%D0%94%D0%90%D0%9D%D0%9D%D0%AB%D0%95\" title=\"Per E-Mail versenden\" aria-label=\"Per E-Mail versenden\" role=\"button\" rel=\"noopener nofollow\" class=\"shariff-link\" style=\"; background-color:#999; color:#fff\"><span class=\"shariff-icon\" style=\"\"><svg width=\"32px\" height=\"20px\" xmlns=\"http:\/\/www.w3.org\/2000\/svg\" viewBox=\"0 0 32 32\"><path fill=\"#999\" d=\"M32 12.7v14.2q0 1.2-0.8 2t-2 0.9h-26.3q-1.2 0-2-0.9t-0.8-2v-14.2q0.8 0.9 1.8 1.6 6.5 4.4 8.9 6.1 1 0.8 1.6 1.2t1.7 0.9 2 0.4h0.1q0.9 0 2-0.4t1.7-0.9 1.6-1.2q3-2.2 8.9-6.1 1-0.7 1.8-1.6zM32 7.4q0 1.4-0.9 2.7t-2.2 2.2q-6.7 4.7-8.4 5.8-0.2 0.1-0.7 0.5t-1 0.7-0.9 0.6-1.1 0.5-0.9 0.2h-0.1q-0.4 0-0.9-0.2t-1.1-0.5-0.9-0.6-1-0.7-0.7-0.5q-1.6-1.1-4.7-3.2t-3.6-2.6q-1.1-0.7-2.1-2t-1-2.5q0-1.4 0.7-2.3t2.1-0.9h26.3q1.2 0 2 0.8t0.9 2z\"\/><\/svg><\/span><\/a><\/li><li class=\"shariff-button linkedin shariff-nocustomcolor\" style=\"background-color:#1488bf\"><a href=\"https:\/\/www.linkedin.com\/sharing\/share-offsite\/?url=https%3A%2F%2Fweinert-mb.de%2Fru%2Fimpressum%2F\" title=\"Bei LinkedIn teilen\" aria-label=\"Bei LinkedIn teilen\" role=\"button\" rel=\"noopener nofollow\" class=\"shariff-link\" style=\"; background-color:#0077b5; color:#fff\" target=\"_blank\"><span class=\"shariff-icon\" style=\"\"><svg width=\"32px\" height=\"20px\" xmlns=\"http:\/\/www.w3.org\/2000\/svg\" viewBox=\"0 0 27 32\"><path fill=\"#0077b5\" d=\"M6.2 11.2v17.7h-5.9v-17.7h5.9zM6.6 5.7q0 1.3-0.9 2.2t-2.4 0.9h0q-1.5 0-2.4-0.9t-0.9-2.2 0.9-2.2 2.4-0.9 2.4 0.9 0.9 2.2zM27.4 18.7v10.1h-5.9v-9.5q0-1.9-0.7-2.9t-2.3-1.1q-1.1 0-1.9 0.6t-1.2 1.5q-0.2 0.5-0.2 1.4v9.9h-5.9q0-7.1 0-11.6t0-5.3l0-0.9h5.9v2.6h0q0.4-0.6 0.7-1t1-0.9 1.6-0.8 2-0.3q3 0 4.9 2t1.9 6z\"\/><\/svg><\/span><\/a><\/li><li class=\"shariff-button xing shariff-nocustomcolor\" style=\"background-color:#29888a\"><a href=\"https:\/\/www.xing.com\/spi\/shares\/new?url=https%3A%2F%2Fweinert-mb.de%2Fru%2Fimpressum%2F\" title=\"Bei XING teilen\" aria-label=\"Bei XING teilen\" role=\"button\" rel=\"noopener nofollow\" class=\"shariff-link\" style=\"; background-color:#126567; color:#fff\" target=\"_blank\"><span class=\"shariff-icon\" style=\"\"><svg width=\"32px\" height=\"20px\" xmlns=\"http:\/\/www.w3.org\/2000\/svg\" viewBox=\"0 0 25 32\"><path fill=\"#126567\" d=\"M10.7 11.9q-0.2 0.3-4.6 8.2-0.5 0.8-1.2 0.8h-4.3q-0.4 0-0.5-0.3t0-0.6l4.5-8q0 0 0 0l-2.9-5q-0.2-0.4 0-0.7 0.2-0.3 0.5-0.3h4.3q0.7 0 1.2 0.8zM25.1 0.4q0.2 0.3 0 0.7l-9.4 16.7 6 11q0.2 0.4 0 0.6-0.2 0.3-0.6 0.3h-4.3q-0.7 0-1.2-0.8l-6-11.1q0.3-0.6 9.5-16.8 0.4-0.8 1.2-0.8h4.3q0.4 0 0.5 0.3z\"\/><\/svg><\/span><\/a><\/li><\/ul><\/div><\/div>","protected":false},"excerpt":{"rendered":"<p>[vc_row][vc_column][vc_column_text]Weinert Maschinenbau GmbH Postfach 1465 D-64504 Gro\u00df-Gerau Industriegebiet Nord M\u00fcnchener Stra\u00dfe 11 D-64521 Gro\u00df-Gerau \u0422\u0435\u043b. +49 (0)6152 171 84 0 \u0424\u0430\u043a\u0441 +49 (0)6152 171 84 29 E-Mail: info@weinert-mb.de Internet: www.weinert-mb.d \u0423\u043f\u0440\u0430\u0432\u043b\u044f\u044e\u0449\u0438\u0439 \u0441 \u043f\u0440\u0435\u0434\u0441\u0442\u0430\u0432\u0438\u0442\u0435\u043b\u044c\u0441\u043a\u0438\u043c\u0438 \u043f\u043e\u043b\u043d\u043e\u043c\u043e\u0447\u0438\u044f\u043c\u0438: \u041c\u0438\u0445\u0430\u044d\u043b\u044c \u0412\u0430\u0439\u043d\u0435\u0440\u0442 \u0423\u043f\u0440\u0430\u0432\u043b\u044f\u044e\u0449\u0438\u0439: \u0413\u0430\u0441\u043f\u0430\u0440\u0435 \u0413\u0430\u043d\u0434\u043e\u043b\u044c\u0444\u043e \u0421\u0443\u0434, \u0432\u0435\u0434\u0443\u0449\u0438\u0439 \u0440\u0435\u0435\u0441\u0442\u0440: \u0443\u0447\u0430\u0441\u0442\u043a\u043e\u0432\u044b\u0439 \u0441\u0443\u0434 \u0413\u0440\u043e\u0441\u0441-\u0413\u0435\u0440\u0430\u0443 \u2116 \u0437\u0430\u043f\u0438\u0441\u0438 \u0432 \u0440\u0435\u0435\u0441\u0442\u0440\u0435: HR-NR. \u0412 54819 \u0418\u0434\u0435\u043d\u0442\u0438\u0444\u0438\u043a\u0430\u0446\u0438\u043e\u043d\u043d\u044b\u0439 \u043d\u043e\u043c\u0435\u0440 \u043f\u043b\u0430\u0442\u0435\u043b\u044c\u0449\u0438\u043a\u0430&hellip;<\/p>\n","protected":false},"author":1,"featured_media":0,"parent":0,"menu_order":0,"comment_status":"closed","ping_status":"closed","template":"","meta":{"footnotes":""},"class_list":["post-12","page","type-page","status-publish","hentry","description-off"],"_links":{"self":[{"href":"https:\/\/weinert-mb.de\/ru\/wp-json\/wp\/v2\/pages\/12","targetHints":{"allow":["GET"]}}],"collection":[{"href":"https:\/\/weinert-mb.de\/ru\/wp-json\/wp\/v2\/pages"}],"about":[{"href":"https:\/\/weinert-mb.de\/ru\/wp-json\/wp\/v2\/types\/page"}],"author":[{"embeddable":true,"href":"https:\/\/weinert-mb.de\/ru\/wp-json\/wp\/v2\/users\/1"}],"replies":[{"embeddable":true,"href":"https:\/\/weinert-mb.de\/ru\/wp-json\/wp\/v2\/comments?post=12"}],"version-history":[{"count":5,"href":"https:\/\/weinert-mb.de\/ru\/wp-json\/wp\/v2\/pages\/12\/revisions"}],"predecessor-version":[{"id":1041,"href":"https:\/\/weinert-mb.de\/ru\/wp-json\/wp\/v2\/pages\/12\/revisions\/1041"}],"wp:attachment":[{"href":"https:\/\/weinert-mb.de\/ru\/wp-json\/wp\/v2\/media?parent=12"}],"curies":[{"name":"wp","href":"https:\/\/api.w.org\/{rel}","templated":true}]}}